{"id":918,"date":"2016-06-06T01:50:00","date_gmt":"2016-06-06T00:50:00","guid":{"rendered":"https:\/\/www.karaibeshotel.com\/es\/?page_id=918"},"modified":"2025-11-07T01:55:18","modified_gmt":"2025-11-07T05:55:18","slug":"contacto-acceso","status":"publish","type":"page","link":"https:\/\/www.karaibeshotel.com\/es\/contacto-acceso\/","title":{"rendered":"Contacto Acceso"},"content":{"rendered":"<h3 style=\"text-align: justify;\"><i class=\"mdi mdi-home mdi-2x\" style=\"color:black;\">&nbsp;<\/i> CONTACTO<\/h3>\n<p style=\"text-align: justify;\"><i class=\"mdi mdi-phone mdi-2x\" style=\"color:black;\">&nbsp;<\/i> (+59) 0590 84 51 51 \u00a0 <i class=\"mdi mdi-deskphone mdi-2x\" style=\"color:black;\">&nbsp;<\/i><\/p>\n<h4 style=\"text-align: justify;\"><strong>@ :<\/strong> <a href=\"mailto:contact@karaibeshotel.com\">contact@karaibeshotel.com<\/a><\/h4>\n<p style=\"text-align: justify;\"><strong><i class=\"mdi mdi-email mdi-2x\" style=\"color:black;\">&nbsp;<\/i> Direcci\u00f3n :<\/strong><\/p>\n<p style=\"text-align: justify;\">Kara\u00efbes H\u00f4tel<\/p>\n<p style=\"text-align: justify;\">Route des h\u00f4tels &#8211; Pointe de la verdure<\/p>\n<p style=\"text-align: justify;\">97190 Le Gosier &#8211; GUADELOUPE FWI<\/p>\n<hr \/>\n<h3 style=\"text-align: justify;\"><i class=\"mdi mdi-directions mdi-2x\" style=\"color:black;\">&nbsp;<\/i> ACCESIBILIDAD<\/h3>\n<p style=\"padding-left: 30px; text-align: justify;\"><strong><i class=\"mdi mdi-airplane mdi-2x\" style=\"color:black;\">&nbsp;<\/i>\u00a0<\/strong><i class=\"mdi mdi-transfer mdi-2x\" style=\"color:black;\">&nbsp;<\/i>Desde el aeropuerto se puede alquilar un coche o tomar un taxi . No hay transporte o autob\u00fas .<\/p>\n<p style=\"padding-left: 30px; text-align: justify;\"><strong><i class=\"mdi mdi-car mdi-2x\" style=\"color:black;\">&nbsp;<\/i><\/strong>\u00a0<span lang=\"es\">De Pointe-\u00e0 &#8211; Pitre o desde el aeropuerto , en direcci\u00f3n a Ste Anne \/ St Fran\u00e7ois N1 y N4, salida \u00bb Gosier Centro \u00bb D119 . Despu\u00e9s de la rotonda \u00bb KFC \u00bb segunda a la derecha es la \u00abRoute des hotels \u00bb D127 de la Pointe de la Verdure . Despu\u00e9s del juego de casino \u00a0izquierda, y despu\u00e9s a la derecha\u00a0, el hotel se encuentra al fondo.<\/span><\/p>\n<hr \/>\n<h3 style=\"text-align: justify;\"><\/h3>\n<h3 style=\"text-align: justify;\"><i class=\"mdi mdi-map-marker mdi-2x\" style=\"color:black;\">&nbsp;<\/i> UBICACION<\/h3>\n<p style=\"text-align: justify;\"><span lang=\"es\">El hotel y la residencia, se encuentran en el coraz\u00f3n de la zona tur\u00edstica de la Pointe de la Verdure, Le Gosier, 2 km del centro y a pocos metros de las playas que invitan a practicar diversos deportes acu\u00e1ticos.<\/span><\/p>\n<p style=\"text-align: justify;\">La Pointe de la Verdure tiene muchos restaurantes, tiendas a poca distancia como peluquer\u00eda, supermercado, recuerdos y otros negocios . El Casino du Gosier, adem\u00e1s, dispone de m\u00e1quinas tragaperras y juegos de mesa, un teatro.<\/p>\n<p style=\"text-align: justify;\">Le Gosier se encuentra en el centro de Guadalupe y es el punto de partida para muchas excursiones de un d\u00eda o de medio d\u00eda.<\/p>\n<p style=\"text-align: justify;\"><i class=\"mdi mdi-cart-outline mdi-2x\" style=\"color:black;\">&nbsp;<\/i> Minimercado a 25 metros<\/p>\n<p style=\"text-align: justify;\"><i class=\"mdi mdi-beach mdi-2x\" style=\"color:black;\">&nbsp;<\/i> Playas a 50 metros<\/p>\n<p><i class=\"mdi mdi-taxi mdi-2x\" style=\"color:black;\">&nbsp;<\/i> Parada\u00a0de taxi a 2 metros<br \/>\n<i class=\"mdi mdi-car mdi-2x\" style=\"color:black;\">&nbsp;<\/i>Alquiler de coche\u00a0a 25 metros<\/p>\n<p style=\"text-align: justify;\"><i class=\"mdi mdi-bus mdi-2x\" style=\"color:black;\">&nbsp;<\/i> Paradas de bus\u00a0a 100 metros<\/p>\n<p style=\"text-align: justify;\"><i class=\"mdi mdi-city mdi-2x\" style=\"color:black;\">&nbsp;<\/i>el centro Bourg du Gosier a 1 km<\/p>\n<p style=\"text-align: justify;\"><strong><i class=\"mdi mdi-ferry mdi-2x\" style=\"color:black;\">&nbsp;<\/i><\/strong>\u00a0<span lang=\"es\">5 km de La Marina para embarcaciones de recreo y 10 km de la estaci\u00f3n del puerto de Bergevin en Pointe &#8211; a-Pitre a la que se encuentran los barcos de Dominica, Martinica, Marie &#8211; Galante, Les Saintes y otras islas vecinas.<\/span><\/p>\n<p style=\"text-align: justify;\"><i class=\"mdi mdi-airplane mdi-2x\" style=\"color:black;\">&nbsp;<\/i> 11 km del aeropuerto internacional y regional\u00a0P\u00f4le Cara\u00efbes.<\/p>\n<p style=\"text-align: justify;\"><i class=\"mdi mdi-hospital-building mdi-2x\" style=\"color:black;\">&nbsp;<\/i> 1 km de la Clinica Choisy y 7 km del CHU de Pointe \u00e0 Pitre<\/p>\n<p style=\"text-align: justify;\"><i class=\"mdi mdi-factory mdi-2x\" style=\"color:black;\">&nbsp;<\/i> 10 km de Z.I. de Jarry y \u00a0World Trade Center WTC.<\/p>\n<p style=\"text-align: justify;\">\n","protected":false},"excerpt":{"rendered":"<p>CONTACTO (+59) 0590 84 51 51 \u00a0 @ : contact@karaibeshotel.com Direcci\u00f3n : Kara\u00efbes H\u00f4tel Route des h\u00f4tels &#8211; Pointe de la verdure 97190 Le Gosier &#8211; GUADELOUPE FWI ACCESIBILIDAD \u00a0Desde el aeropuerto se puede alquilar un coche o tomar un taxi . No hay transporte o autob\u00fas . \u00a0De Pointe-\u00e0[&#8230;]<\/p>\n","protected":false},"author":2,"featured_media":0,"parent":0,"menu_order":0,"comment_status":"closed","ping_status":"closed","template":"template-contact.php","meta":{"footnotes":""},"class_list":["post-918","page","type-page","status-publish","hentry"],"_links":{"self":[{"href":"https:\/\/www.karaibeshotel.com\/es\/wp-json\/wp\/v2\/pages\/918","targetHints":{"allow":["GET"]}}],"collection":[{"href":"https:\/\/www.karaibeshotel.com\/es\/wp-json\/wp\/v2\/pages"}],"about":[{"href":"https:\/\/www.karaibeshotel.com\/es\/wp-json\/wp\/v2\/types\/page"}],"author":[{"embeddable":true,"href":"https:\/\/www.karaibeshotel.com\/es\/wp-json\/wp\/v2\/users\/2"}],"replies":[{"embeddable":true,"href":"https:\/\/www.karaibeshotel.com\/es\/wp-json\/wp\/v2\/comments?post=918"}],"version-history":[{"count":6,"href":"https:\/\/www.karaibeshotel.com\/es\/wp-json\/wp\/v2\/pages\/918\/revisions"}],"predecessor-version":[{"id":2799,"href":"https:\/\/www.karaibeshotel.com\/es\/wp-json\/wp\/v2\/pages\/918\/revisions\/2799"}],"wp:attachment":[{"href":"https:\/\/www.karaibeshotel.com\/es\/wp-json\/wp\/v2\/media?parent=918"}],"curies":[{"name":"wp","href":"https:\/\/api.w.org\/{rel}","templated":true}]}}