{"id":834,"date":"2016-01-13T17:36:41","date_gmt":"2016-01-13T16:36:41","guid":{"rendered":"https:\/\/www.karaibeshotel.com\/es\/residence\/"},"modified":"2023-11-02T13:21:50","modified_gmt":"2023-11-02T17:21:50","slug":"residencia","status":"publish","type":"page","link":"https:\/\/www.karaibeshotel.com\/es\/residencia\/","title":{"rendered":"RESIDENCIA"},"content":{"rendered":"<p style=\"text-align: justify;\">Al\u00f3jese en un entorno agradable, a s\u00f3lo 50 metros de la playa, restaurantes, minimercados, animaci\u00f3n en el centro de la ciudad, el casino y sus espect\u00e1culos, centros de deportes acu\u00e1ticos y lugares de ocio.<\/p>\n<p>Los apartamientos son ideales para estancias cortas y largas, familias y grupos.<\/p>\n<p style=\"text-align: justify;\">KARA\u00cfBES R\u00c9SIDENCE ofrece pisos DELUXE y STANDING muy espaciosos, c\u00f3modos y totalmente equipados, con cocina para una estancia relajante.<\/p>\n<p style=\"text-align: justify;\">En asociaci\u00f3n con el KARA\u00cfBES H\u00d4TEL, los hu\u00e9spedes de la residencia pueden beneficiarse de una variedad de instalaciones y servicios para satisfacer las necesidades de los viajeros de negocios y turistas por igual.<\/p>\n<p style=\"text-align: justify;\">La residencia KARA\u00cfBES se encuentra a 50 metros del hotel y dispone de aparcamiento privado.<\/p>\n<p style=\"text-align: justify;\">La residencia YUCCA se encuentra a 50 metros del hotel y ofrece estudios DELUXE frente al mar con magn\u00edficas vistas a las monta\u00f1as de Basse-Terre. Ideal para disfrutar de la tranquilidad del mar.<\/p>\n<p>La residencia no est\u00e1 clasificada y se encuentra a poca distancia del hotel.<\/p>\n<p style=\"text-align: justify;\">La limpieza no est\u00e1 incluida en el precio de la habitaci\u00f3n.<\/p>\n<h3 style=\"text-align: justify;\">SERVICIOS GRATUITOS<\/h3>\n<p><i class=\"mdi mdi-swim mdi-2x\" style=\"color:black;\">&nbsp;<\/i> <a href=\"https:\/\/www.karaibeshotel.com\/service\/piscine\/\">Piscina<\/a> del HOTEL KARA\u00cfBES<\/p>\n<p><i class=\"mdi mdi-beach mdi-2x\" style=\"color:black;\">&nbsp;<\/i> <a href=\"https:\/\/www.karaibeshotel.com\/service\/plage\/\">Playa<\/a> a 50 metros.<\/p>\n<p><i class=\"mdi mdi-parking mdi-2x\" style=\"color:black;\">&nbsp;<\/i><i class=\"mdi mdi-car mdi-2x\" style=\"color:black;\">&nbsp;<\/i>  Aparcamiento gratuito sin vigilancia.<\/p>\n<p><i class=\"mdi mdi-layers mdi-2x\" style=\"color:black;\">&nbsp;<\/i>Ropa de cama proporcionada a la llegada: s\u00e1banas y toallas<\/p>\n<p><i class=\"mdi mdi-water mdi-2x\" style=\"color:black;\">&nbsp;<\/i> <i class=\"mdi mdi-lightbulb mdi-2x\" style=\"color:black;\">&nbsp;<\/i> Agua, electricidad<\/p>\n<p><i class=\"mdi mdi-android-debug-bridge mdi-2x\" style=\"color:black;\">&nbsp;<\/i>  Cuna: disponible gratuitamente previa reserva y sujeta a disponibilidad.<\/p>\n<p><i class=\"mdi mdi-wifi mdi-2x\" style=\"color:black;\">&nbsp;<\/i>Wifi disponible en algunos pisos y en la terraza del KARA\u00cfBES H\u00d4TEL<\/p>\n<h3 style=\"text-align: justify;\">SERVICIOS DE PAGO<\/h3>\n<p><i class=\"mdi mdi-broom mdi-2x\" style=\"color:black;\">&nbsp;<\/i>Limpieza<\/p>\n<p><i class=\"mdi mdi-layers mdi-2x\" style=\"color:black;\">&nbsp;<\/i>Renovaci\u00f3n de s\u00e1banas y toallas<\/p>\n<p><strong><br \/>\n  <a href=\"https:\/\/www.karaibeshotel.com\/service\/laverie\/\"><i class=\"mdi mdi-tshirt-crew mdi-2x\" style=\"color:black;\">&nbsp;<\/i>Lavander\u00eda :<\/a><br \/>\n<\/strong> lavadoras y secadoras disponibles 7 d\u00edas a la semana (de pago)<\/p>\n<p style=\"text-align: justify;\"><a href=\"https:\/\/www.karaibeshotel.com\/services\/\">Para otros servicios ofrecidos por el KARA\u00cfBES H\u00d4TEL <\/a><a href=\"https:\/\/www.karaibeshotel.com\/services\/\">haga clic aqu\u00ed<\/a>.<\/p>\n<h3 style=\"text-align: justify;\">INSCRIPCI\u00d3N Y TR\u00c1MITES<\/h3>\n<p> <strong><i class=\"mdi mdi-clock mdi-2x\" style=\"color:black;\">&nbsp;<\/i> HORARIO DE APERTURA:<br \/>\n<\/strong>Le recibir\u00e1n en la recepci\u00f3n del KARA\u00cfBES H\u00d4TEL.<br \/>\nHorario de apertura de las 07H00 hasta las 21H30<\/p>\n<p> <strong><i class=\"mdi mdi-login mdi-2x\" style=\"color:black;\">&nbsp;<\/i><i class=\"mdi mdi-logout mdi-2x\" style=\"color:black;\">&nbsp;<\/i><i class=\"mdi mdi-clock-fast mdi-2x\" style=\"color:black;\">&nbsp;<\/i> HORARIO DE INSCRIPCI\u00d3N Y SALIDA:<\/strong>Llegada a partir de las 14.30 h. El piso est\u00e1 a su disposici\u00f3n hasta las 11.00 horas del d\u00eda de salida. Despu\u00e9s, se facturar\u00e1 la ocupaci\u00f3n de la habitaci\u00f3n.<\/p>\n<p>Para llegadas despu\u00e9s de las 20.00 horas, deber\u00e1 ponerse en contacto con nosotros: (+59) 0590 845151 durante el horario de apertura de la recepci\u00f3n.<strong><br \/>\n<i class=\"mdi mdi-briefcase mdi-2x\" style=\"color:black;\">&nbsp;<\/i><i class=\"mdi mdi-water mdi-2x\" style=\"color:black;\">&nbsp;<\/i> <\/strong>Consigna de equipaje y ducha para hu\u00e9spedes: tras su salida, en el vest\u00edbulo del hotel hay consigna de equipaje y una ducha para hu\u00e9spedes disponibles de forma gratuita.<\/p>\n<p style=\"text-align: justify;\"><strong><i class=\"mdi mdi-book-multiple-variant mdi-2x\" style=\"color:black;\">&nbsp;<\/i>FORMALIDADES<\/strong><\/p>\n<p style=\"text-align: justify;\">Para bloquear una reserva: se requerir\u00e1 un dep\u00f3sito.<\/p>\n<p style=\"text-align: justify;\">El pago debe efectuarse a la llegada. Firmar\u00e1 las condiciones generales y un inventario preestablecido de las instalaciones (dispondr\u00e1 de 24 horas para comunicarnos cualquier diferencia).<\/p>\n<p style=\"text-align: justify;\">A la llegada hay que pagar una fianza de 345 euros, en efectivo o en forma de aval bancario (no se aceptan cheques).<\/p>\n<p style=\"text-align: justify;\">Los domingos y festivos no se hace inventario de las instalaciones.<\/p>\n<p style=\"text-align: justify;\">La fianza se devuelve a m\u00e1s tardar 48 horas despu\u00e9s de la salida del cliente, si no se observa ninguna anomal\u00eda durante el inventario de las instalaciones, realizado por nosotros. Si se detecta alg\u00fan da\u00f1o, se cargar\u00e1 inmediatamente en la fianza el importe del mismo.<\/p>\n","protected":false},"excerpt":{"rendered":"<p>Al\u00f3jese en un entorno agradable, a s\u00f3lo 50 metros de la playa, restaurantes, minimercados, animaci\u00f3n en el centro de la ciudad, el casino y sus espect\u00e1culos, centros de deportes acu\u00e1ticos y lugares de ocio. Los apartamientos son ideales para estancias cortas y largas, familias y grupos. KARA\u00cfBES R\u00c9SIDENCE ofrece pisos[&#8230;]<\/p>\n","protected":false},"author":2,"featured_media":0,"parent":0,"menu_order":0,"comment_status":"closed","ping_status":"closed","template":"","meta":{"footnotes":""},"class_list":["post-834","page","type-page","status-publish","hentry"],"_links":{"self":[{"href":"https:\/\/www.karaibeshotel.com\/es\/wp-json\/wp\/v2\/pages\/834","targetHints":{"allow":["GET"]}}],"collection":[{"href":"https:\/\/www.karaibeshotel.com\/es\/wp-json\/wp\/v2\/pages"}],"about":[{"href":"https:\/\/www.karaibeshotel.com\/es\/wp-json\/wp\/v2\/types\/page"}],"author":[{"embeddable":true,"href":"https:\/\/www.karaibeshotel.com\/es\/wp-json\/wp\/v2\/users\/2"}],"replies":[{"embeddable":true,"href":"https:\/\/www.karaibeshotel.com\/es\/wp-json\/wp\/v2\/comments?post=834"}],"version-history":[{"count":10,"href":"https:\/\/www.karaibeshotel.com\/es\/wp-json\/wp\/v2\/pages\/834\/revisions"}],"predecessor-version":[{"id":2406,"href":"https:\/\/www.karaibeshotel.com\/es\/wp-json\/wp\/v2\/pages\/834\/revisions\/2406"}],"wp:attachment":[{"href":"https:\/\/www.karaibeshotel.com\/es\/wp-json\/wp\/v2\/media?parent=834"}],"curies":[{"name":"wp","href":"https:\/\/api.w.org\/{rel}","templated":true}]}}