{"id":2737,"date":"2025-10-30T22:33:13","date_gmt":"2025-10-31T02:33:13","guid":{"rendered":"https:\/\/www.karaibeshotel.com\/reserva\/"},"modified":"2025-10-30T22:33:13","modified_gmt":"2025-10-31T02:33:13","slug":"reserva","status":"publish","type":"page","link":"https:\/\/www.karaibeshotel.com\/es\/reserva\/","title":{"rendered":"RESERVA"},"content":{"rendered":"\n<p><br\/><strong><mark style=\"background-color:rgba(0, 0, 0, 0)\" class=\"has-inline-color has-luminous-vivid-orange-color\">PROMOCI\u00d3N DE HALLOWEEN:<\/mark><\/strong> el desayuno del primer d\u00eda es gratis con compras de 3 noches o m\u00e1s. oferta v\u00e1lida del 17\/10\/2025 al 05\/11\/2025, no acumulable a otras ofertas y s\u00f3lo v\u00e1lida en nuestro sitio web www.karaibeshotel.com.  <mark style=\"background-color:rgba(0, 0, 0, 0)\" class=\"has-inline-color has-luminous-vivid-orange-color\">c\u00f3digo promocional: HALLOWEEN<\/mark><br\/><\/p>\n\n<figure class=\"wp-block-video\"><video height=\"1122\" style=\"aspect-ratio: 792 \/ 1122;\" width=\"792\" autoplay=\"\" controls=\"\" muted=\"\" src=\"https:\/\/www.karaibeshotel.com\/wp-content\/uploads\/PUB-VIDEO-Halloween-2025.mp4\" playsinline=\"\"><\/video><figcaption class=\"wp-element-caption\">Promoci\u00f3n de Halloween<\/figcaption><\/figure>\n\n<blockquote class=\"wp-block-quote is-layout-flow wp-block-quote-is-layout-flow\">\n<p><\/p>\n<\/blockquote>\n\n<pre class=\"wp-block-code\"><code><\/code><\/pre>\n\n<figure class=\"wp-block-image size-ci_slider_fixed is-resized\"><a href=\"https:\/\/www.secure-direct-hotel-booking.com\/module_booking_engine\/index.php?id_etab=9fc18039c3bf74aed97aa3cca6fb8f4e&amp;langue=francais\"><img decoding=\"async\" src=\"https:\/\/www.karaibeshotel.com\/wp-content\/uploads\/CLIQUEZ-ICI-POUR-RESERVER-UNE-CHAMBRE-OU-UN-STUDIO-940-x-600-px-1-950x640.jpg\" alt=\"\" class=\"wp-image-2724\" style=\"aspect-ratio:1.3333333333333333;object-fit:cover;width:819px;height:auto\"\/><\/a><\/figure>\n\n<div class=\"wp-block-buttons is-content-justification-center is-layout-flex wp-container-core-buttons-is-layout-16018d1d wp-block-buttons-is-layout-flex\">\n<div class=\"wp-block-button is-style-outline is-style-outline--1\"><a class=\"wp-block-button__link wp-element-button\" href=\"https:\/\/www.secure-direct-hotel-booking.com\/module_booking_engine\/index.php?id_etab=b2d4454c1c3325c51196b736dab81116&amp;langue=francais\" target=\"_blank\" rel=\"noreferrer noopener\"><strong>STUDIO ET APPARTEMENT<\/strong> Haz clic aqu\u00ed- <em>Apartamento &#8211; Apartamento<\/em><\/a><\/div>\n<\/div>\n\n<p><\/p>\n","protected":false},"excerpt":{"rendered":"<p>PROMOCI\u00d3N DE HALLOWEEN: el desayuno del primer d\u00eda es gratis con compras de 3 noches o m\u00e1s. oferta v\u00e1lida del 17\/10\/2025 al 05\/11\/2025, no acumulable a otras ofertas y s\u00f3lo v\u00e1lida en nuestro sitio web www.karaibeshotel.com. c\u00f3digo promocional: HALLOWEEN<\/p>\n","protected":false},"author":2,"featured_media":0,"parent":0,"menu_order":0,"comment_status":"closed","ping_status":"closed","template":"","meta":{"footnotes":""},"class_list":["post-2737","page","type-page","status-publish","hentry"],"_links":{"self":[{"href":"https:\/\/www.karaibeshotel.com\/es\/wp-json\/wp\/v2\/pages\/2737","targetHints":{"allow":["GET"]}}],"collection":[{"href":"https:\/\/www.karaibeshotel.com\/es\/wp-json\/wp\/v2\/pages"}],"about":[{"href":"https:\/\/www.karaibeshotel.com\/es\/wp-json\/wp\/v2\/types\/page"}],"author":[{"embeddable":true,"href":"https:\/\/www.karaibeshotel.com\/es\/wp-json\/wp\/v2\/users\/2"}],"replies":[{"embeddable":true,"href":"https:\/\/www.karaibeshotel.com\/es\/wp-json\/wp\/v2\/comments?post=2737"}],"version-history":[{"count":1,"href":"https:\/\/www.karaibeshotel.com\/es\/wp-json\/wp\/v2\/pages\/2737\/revisions"}],"predecessor-version":[{"id":2738,"href":"https:\/\/www.karaibeshotel.com\/es\/wp-json\/wp\/v2\/pages\/2737\/revisions\/2738"}],"wp:attachment":[{"href":"https:\/\/www.karaibeshotel.com\/es\/wp-json\/wp\/v2\/media?parent=2737"}],"curies":[{"name":"wp","href":"https:\/\/api.w.org\/{rel}","templated":true}]}}